{"id":839,"date":"2024-10-17T21:37:58","date_gmt":"2024-10-17T19:37:58","guid":{"rendered":"https:\/\/techxpo.hu\/contact\/"},"modified":"2025-09-19T16:45:29","modified_gmt":"2025-09-19T14:45:29","slug":"contact","status":"publish","type":"page","link":"https:\/\/techxpo.hu\/en\/contact\/","title":{"rendered":"Contact"},"content":{"rendered":"\t\t<div data-elementor-type=\"wp-page\" data-elementor-id=\"839\" class=\"elementor elementor-839 elementor-33\" data-elementor-post-type=\"page\">\n\t\t\t\t<div class=\"elementor-element elementor-element-4626c876 e-con-full e-flex e-con e-parent\" data-id=\"4626c876\" data-element_type=\"container\" data-e-type=\"container\">\n\t\t\t\t<div class=\"elementor-element elementor-element-2164bf52 elementor--h-position-center elementor--v-position-middle elementor-arrows-position-inside elementor-pagination-position-inside elementor-widget elementor-widget-slides\" data-id=\"2164bf52\" data-element_type=\"widget\" data-e-type=\"widget\" data-settings=\"{&quot;navigation&quot;:&quot;both&quot;,&quot;autoplay&quot;:&quot;yes&quot;,&quot;pause_on_hover&quot;:&quot;yes&quot;,&quot;pause_on_interaction&quot;:&quot;yes&quot;,&quot;autoplay_speed&quot;:5000,&quot;infinite&quot;:&quot;yes&quot;,&quot;transition&quot;:&quot;slide&quot;,&quot;transition_speed&quot;:500}\" data-widget_type=\"slides.default\">\n\t\t\t\t<div class=\"elementor-widget-container\">\n\t\t\t\t\t\t\t\t\t<div class=\"elementor-swiper\">\n\t\t\t\t\t<div class=\"elementor-slides-wrapper elementor-main-swiper swiper\" role=\"region\" aria-roledescription=\"carousel\" aria-label=\"Slides\" dir=\"ltr\" data-animation=\"fadeInUp\">\n\t\t\t\t<div class=\"swiper-wrapper elementor-slides\">\n\t\t\t\t\t\t\t\t\t\t<div class=\"elementor-repeater-item-b54a903 swiper-slide\" role=\"group\" aria-roledescription=\"slide\"><div class=\"swiper-slide-bg\" role=\"img\" aria-label=\"techxpo_web_image_6\"><\/div><div class=\"swiper-slide-inner\" ><div class=\"swiper-slide-contents\"><\/div><\/div><\/div>\t\t\t\t<\/div>\n\t\t\t\t\t\t\t<\/div>\n\t\t\t\t<\/div>\n\t\t\t\t\t\t\t\t<\/div>\n\t\t\t\t<\/div>\n\t\t\t\t<\/div>\n\t\t<div class=\"elementor-element elementor-element-1ddfe1e3 e-con-full e-flex e-con e-parent\" data-id=\"1ddfe1e3\" data-element_type=\"container\" data-e-type=\"container\">\n\t\t\t\t<div class=\"elementor-element elementor-element-1734102e elementor-widget elementor-widget-image\" data-id=\"1734102e\" data-element_type=\"widget\" data-e-type=\"widget\" data-widget_type=\"image.default\">\n\t\t\t\t<div class=\"elementor-widget-container\">\n\t\t\t\t\t\t\t\t\t\t\t\t\t\t\t<img fetchpriority=\"high\" decoding=\"async\" width=\"260\" height=\"197\" src=\"https:\/\/techxpo.hu\/wp-content\/uploads\/2024\/10\/Vector.webp\" class=\"attachment-full size-full wp-image-784\" alt=\"\" \/>\t\t\t\t\t\t\t\t\t\t\t\t\t\t\t<\/div>\n\t\t\t\t<\/div>\n\t\t\t\t<\/div>\n\t\t<div class=\"elementor-element elementor-element-28193426 e-flex e-con-boxed e-con e-parent\" data-id=\"28193426\" data-element_type=\"container\" data-e-type=\"container\">\n\t\t\t\t\t<div class=\"e-con-inner\">\n\t\t<div class=\"elementor-element elementor-element-3bf2dc23 e-con-full e-flex e-con e-child\" data-id=\"3bf2dc23\" data-element_type=\"container\" data-e-type=\"container\">\n\t\t\t\t<div class=\"elementor-element elementor-element-31049ecb elementor-widget elementor-widget-heading\" data-id=\"31049ecb\" data-element_type=\"widget\" data-e-type=\"widget\" data-widget_type=\"heading.default\">\n\t\t\t\t<div class=\"elementor-widget-container\">\n\t\t\t\t\t<h2 class=\"elementor-heading-title elementor-size-default\">CONTACT<\/h2>\t\t\t\t<\/div>\n\t\t\t\t<\/div>\n\t\t\t\t<\/div>\n\t\t<div class=\"elementor-element elementor-element-3e9be9a3 e-con-full e-flex e-con e-child\" data-id=\"3e9be9a3\" data-element_type=\"container\" data-e-type=\"container\">\n\t\t\t\t<div class=\"elementor-element elementor-element-718d11a2 elementor-widget elementor-widget-text-editor\" data-id=\"718d11a2\" data-element_type=\"widget\" data-e-type=\"widget\" data-widget_type=\"text-editor.default\">\n\t\t\t\t<div class=\"elementor-widget-container\">\n\t\t\t\t\t\t\t\t\t<p>Contact our sales team to find out how your company can benefit from exhibiting at TECHXPO 2025.<\/p>\t\t\t\t\t\t\t\t<\/div>\n\t\t\t\t<\/div>\n\t\t\t\t<div class=\"elementor-element elementor-element-2d474c49 elementor-widget elementor-widget-heading\" data-id=\"2d474c49\" data-element_type=\"widget\" data-e-type=\"widget\" data-widget_type=\"heading.default\">\n\t\t\t\t<div class=\"elementor-widget-container\">\n\t\t\t\t\t<h2 class=\"elementor-heading-title elementor-size-default\"><a href=\"mailto:techxpo@ringier.hu\">TECHXPO@RINGIER.HU<\/a><\/h2>\t\t\t\t<\/div>\n\t\t\t\t<\/div>\n\t\t\t\t<\/div>\n\t\t\t\t\t<\/div>\n\t\t\t\t<\/div>\n\t\t\t\t<\/div>\n\t\t","protected":false},"excerpt":{"rendered":"<p>CONTACT Contact our sales team to find out how your company can benefit from exhibiting at TECHXPO 2025. TECHXPO@RINGIER.HU<\/p>\n","protected":false},"author":1,"featured_media":0,"parent":0,"menu_order":0,"comment_status":"closed","ping_status":"closed","template":"","meta":{"footnotes":""},"class_list":["post-839","page","type-page","status-publish","hentry"],"yoast_head":"<!-- This site is optimized with the Yoast SEO plugin v27.5 - https:\/\/yoast.com\/product\/yoast-seo-wordpress\/ -->\n<title>Contact - TECHXPO<\/title>\n<meta name=\"robots\" content=\"index, follow, max-snippet:-1, max-image-preview:large, max-video-preview:-1\" \/>\n<link rel=\"canonical\" href=\"https:\/\/techxpo.hu\/en\/contact\/\" \/>\n<meta property=\"og:locale\" content=\"en_US\" \/>\n<meta property=\"og:type\" content=\"article\" \/>\n<meta property=\"og:title\" content=\"Contact - TECHXPO\" \/>\n<meta property=\"og:description\" content=\"CONTACT Contact our sales team to find out how your company can benefit from exhibiting at TECHXPO 2025. TECHXPO@RINGIER.HU\" \/>\n<meta property=\"og:url\" content=\"https:\/\/techxpo.hu\/en\/contact\/\" \/>\n<meta property=\"og:site_name\" content=\"TECHXPO\" \/>\n<meta property=\"article:publisher\" content=\"https:\/\/www.facebook.com\/techxpo24\" \/>\n<meta property=\"article:modified_time\" content=\"2025-09-19T14:45:29+00:00\" \/>\n<meta property=\"og:image\" content=\"https:\/\/techxpo.hu\/wp-content\/uploads\/2024\/10\/Vector.webp\" \/>\n\t<meta property=\"og:image:width\" content=\"260\" \/>\n\t<meta property=\"og:image:height\" content=\"197\" \/>\n\t<meta property=\"og:image:type\" content=\"image\/webp\" \/>\n<meta name=\"twitter:card\" content=\"summary_large_image\" \/>\n<script type=\"application\/ld+json\" class=\"yoast-schema-graph\">{\"@context\":\"https:\\\/\\\/schema.org\",\"@graph\":[{\"@type\":\"WebPage\",\"@id\":\"https:\\\/\\\/techxpo.hu\\\/en\\\/contact\\\/\",\"url\":\"https:\\\/\\\/techxpo.hu\\\/en\\\/contact\\\/\",\"name\":\"Contact - TECHXPO\",\"isPartOf\":{\"@id\":\"https:\\\/\\\/techxpobp.hu\\\/#website\"},\"primaryImageOfPage\":{\"@id\":\"https:\\\/\\\/techxpo.hu\\\/en\\\/contact\\\/#primaryimage\"},\"image\":{\"@id\":\"https:\\\/\\\/techxpo.hu\\\/en\\\/contact\\\/#primaryimage\"},\"thumbnailUrl\":\"https:\\\/\\\/techxpo.hu\\\/wp-content\\\/uploads\\\/2024\\\/10\\\/Vector.webp\",\"datePublished\":\"2024-10-17T19:37:58+00:00\",\"dateModified\":\"2025-09-19T14:45:29+00:00\",\"breadcrumb\":{\"@id\":\"https:\\\/\\\/techxpo.hu\\\/en\\\/contact\\\/#breadcrumb\"},\"inLanguage\":\"en-US\",\"potentialAction\":[{\"@type\":\"ReadAction\",\"target\":[\"https:\\\/\\\/techxpo.hu\\\/en\\\/contact\\\/\"]}]},{\"@type\":\"ImageObject\",\"inLanguage\":\"en-US\",\"@id\":\"https:\\\/\\\/techxpo.hu\\\/en\\\/contact\\\/#primaryimage\",\"url\":\"https:\\\/\\\/techxpo.hu\\\/wp-content\\\/uploads\\\/2024\\\/10\\\/Vector.webp\",\"contentUrl\":\"https:\\\/\\\/techxpo.hu\\\/wp-content\\\/uploads\\\/2024\\\/10\\\/Vector.webp\"},{\"@type\":\"BreadcrumbList\",\"@id\":\"https:\\\/\\\/techxpo.hu\\\/en\\\/contact\\\/#breadcrumb\",\"itemListElement\":[{\"@type\":\"ListItem\",\"position\":1,\"name\":\"Home\",\"item\":\"https:\\\/\\\/techxpo.hu\\\/en\\\/techxpo-2025-innovation-and-technology-summit\\\/\"},{\"@type\":\"ListItem\",\"position\":2,\"name\":\"Contact\"}]},{\"@type\":\"WebSite\",\"@id\":\"https:\\\/\\\/techxpobp.hu\\\/#website\",\"url\":\"https:\\\/\\\/techxpobp.hu\\\/\",\"name\":\"TECHXPO\",\"description\":\"A Technol\u00f3gia \u00d6sszek\u00f6t\",\"publisher\":{\"@id\":\"https:\\\/\\\/techxpobp.hu\\\/#organization\"},\"alternateName\":\"TECHXPO 2025\",\"potentialAction\":[{\"@type\":\"SearchAction\",\"target\":{\"@type\":\"EntryPoint\",\"urlTemplate\":\"https:\\\/\\\/techxpobp.hu\\\/?s={search_term_string}\"},\"query-input\":{\"@type\":\"PropertyValueSpecification\",\"valueRequired\":true,\"valueName\":\"search_term_string\"}}],\"inLanguage\":\"en-US\"},{\"@type\":\"Organization\",\"@id\":\"https:\\\/\\\/techxpobp.hu\\\/#organization\",\"name\":\"TECHXPO\",\"alternateName\":\"TECHXPO 2025\",\"url\":\"https:\\\/\\\/techxpobp.hu\\\/\",\"logo\":{\"@type\":\"ImageObject\",\"inLanguage\":\"en-US\",\"@id\":\"https:\\\/\\\/techxpobp.hu\\\/#\\\/schema\\\/logo\\\/image\\\/\",\"url\":\"https:\\\/\\\/techxpo.hu\\\/wp-content\\\/uploads\\\/2024\\\/10\\\/TX_horizontal_logo_colorX.webp\",\"contentUrl\":\"https:\\\/\\\/techxpo.hu\\\/wp-content\\\/uploads\\\/2024\\\/10\\\/TX_horizontal_logo_colorX.webp\",\"width\":1850,\"height\":234,\"caption\":\"TECHXPO\"},\"image\":{\"@id\":\"https:\\\/\\\/techxpobp.hu\\\/#\\\/schema\\\/logo\\\/image\\\/\"},\"sameAs\":[\"https:\\\/\\\/www.facebook.com\\\/techxpo24\",\"https:\\\/\\\/www.instagram.com\\\/techxpo_official\\\/\",\"https:\\\/\\\/www.linkedin.com\\\/company\\\/techxpo-bp\\\/\"]}]}<\/script>\n<!-- \/ Yoast SEO plugin. -->","yoast_head_json":{"title":"Contact - TECHXPO","robots":{"index":"index","follow":"follow","max-snippet":"max-snippet:-1","max-image-preview":"max-image-preview:large","max-video-preview":"max-video-preview:-1"},"canonical":"https:\/\/techxpo.hu\/en\/contact\/","og_locale":"en_US","og_type":"article","og_title":"Contact - TECHXPO","og_description":"CONTACT Contact our sales team to find out how your company can benefit from exhibiting at TECHXPO 2025. TECHXPO@RINGIER.HU","og_url":"https:\/\/techxpo.hu\/en\/contact\/","og_site_name":"TECHXPO","article_publisher":"https:\/\/www.facebook.com\/techxpo24","article_modified_time":"2025-09-19T14:45:29+00:00","og_image":[{"width":260,"height":197,"url":"https:\/\/techxpo.hu\/wp-content\/uploads\/2024\/10\/Vector.webp","type":"image\/webp"}],"twitter_card":"summary_large_image","schema":{"@context":"https:\/\/schema.org","@graph":[{"@type":"WebPage","@id":"https:\/\/techxpo.hu\/en\/contact\/","url":"https:\/\/techxpo.hu\/en\/contact\/","name":"Contact - TECHXPO","isPartOf":{"@id":"https:\/\/techxpobp.hu\/#website"},"primaryImageOfPage":{"@id":"https:\/\/techxpo.hu\/en\/contact\/#primaryimage"},"image":{"@id":"https:\/\/techxpo.hu\/en\/contact\/#primaryimage"},"thumbnailUrl":"https:\/\/techxpo.hu\/wp-content\/uploads\/2024\/10\/Vector.webp","datePublished":"2024-10-17T19:37:58+00:00","dateModified":"2025-09-19T14:45:29+00:00","breadcrumb":{"@id":"https:\/\/techxpo.hu\/en\/contact\/#breadcrumb"},"inLanguage":"en-US","potentialAction":[{"@type":"ReadAction","target":["https:\/\/techxpo.hu\/en\/contact\/"]}]},{"@type":"ImageObject","inLanguage":"en-US","@id":"https:\/\/techxpo.hu\/en\/contact\/#primaryimage","url":"https:\/\/techxpo.hu\/wp-content\/uploads\/2024\/10\/Vector.webp","contentUrl":"https:\/\/techxpo.hu\/wp-content\/uploads\/2024\/10\/Vector.webp"},{"@type":"BreadcrumbList","@id":"https:\/\/techxpo.hu\/en\/contact\/#breadcrumb","itemListElement":[{"@type":"ListItem","position":1,"name":"Home","item":"https:\/\/techxpo.hu\/en\/techxpo-2025-innovation-and-technology-summit\/"},{"@type":"ListItem","position":2,"name":"Contact"}]},{"@type":"WebSite","@id":"https:\/\/techxpobp.hu\/#website","url":"https:\/\/techxpobp.hu\/","name":"TECHXPO","description":"A Technol\u00f3gia \u00d6sszek\u00f6t","publisher":{"@id":"https:\/\/techxpobp.hu\/#organization"},"alternateName":"TECHXPO 2025","potentialAction":[{"@type":"SearchAction","target":{"@type":"EntryPoint","urlTemplate":"https:\/\/techxpobp.hu\/?s={search_term_string}"},"query-input":{"@type":"PropertyValueSpecification","valueRequired":true,"valueName":"search_term_string"}}],"inLanguage":"en-US"},{"@type":"Organization","@id":"https:\/\/techxpobp.hu\/#organization","name":"TECHXPO","alternateName":"TECHXPO 2025","url":"https:\/\/techxpobp.hu\/","logo":{"@type":"ImageObject","inLanguage":"en-US","@id":"https:\/\/techxpobp.hu\/#\/schema\/logo\/image\/","url":"https:\/\/techxpo.hu\/wp-content\/uploads\/2024\/10\/TX_horizontal_logo_colorX.webp","contentUrl":"https:\/\/techxpo.hu\/wp-content\/uploads\/2024\/10\/TX_horizontal_logo_colorX.webp","width":1850,"height":234,"caption":"TECHXPO"},"image":{"@id":"https:\/\/techxpobp.hu\/#\/schema\/logo\/image\/"},"sameAs":["https:\/\/www.facebook.com\/techxpo24","https:\/\/www.instagram.com\/techxpo_official\/","https:\/\/www.linkedin.com\/company\/techxpo-bp\/"]}]}},"_links":{"self":[{"href":"https:\/\/techxpo.hu\/en\/wp-json\/wp\/v2\/pages\/839","targetHints":{"allow":["GET"]}}],"collection":[{"href":"https:\/\/techxpo.hu\/en\/wp-json\/wp\/v2\/pages"}],"about":[{"href":"https:\/\/techxpo.hu\/en\/wp-json\/wp\/v2\/types\/page"}],"author":[{"embeddable":true,"href":"https:\/\/techxpo.hu\/en\/wp-json\/wp\/v2\/users\/1"}],"replies":[{"embeddable":true,"href":"https:\/\/techxpo.hu\/en\/wp-json\/wp\/v2\/comments?post=839"}],"version-history":[{"count":3,"href":"https:\/\/techxpo.hu\/en\/wp-json\/wp\/v2\/pages\/839\/revisions"}],"predecessor-version":[{"id":5971,"href":"https:\/\/techxpo.hu\/en\/wp-json\/wp\/v2\/pages\/839\/revisions\/5971"}],"wp:attachment":[{"href":"https:\/\/techxpo.hu\/en\/wp-json\/wp\/v2\/media?parent=839"}],"curies":[{"name":"wp","href":"https:\/\/api.w.org\/{rel}","templated":true}]}}